{"id":1077,"date":"2025-01-17T10:04:11","date_gmt":"2025-01-17T10:04:11","guid":{"rendered":"https:\/\/www.aubergederivaz.ch\/?page_id=1077"},"modified":"2025-03-13T06:23:03","modified_gmt":"2025-03-13T06:23:03","slug":"restaurant-2","status":"publish","type":"page","link":"https:\/\/www.aubergederivaz.ch\/en\/restaurant-2\/","title":{"rendered":"Restaurant"},"content":{"rendered":"\r\n<div class=\"vce-row-container\" data-vce-boxed-width=\"true\">\r\n<div id=\"el-da0b31ec\" class=\"vce-row vce-row--col-gap-30 vce-row-content--top\" data-vce-do-apply=\"all el-da0b31ec\">\r\n<div class=\"vce-row-content\" data-vce-element-content=\"true\">\r\n<div id=\"el-d779a89d\" class=\"vce-col vce-col--md-100p vce-col--xs-1 vce-col--xs-last vce-col--xs-first vce-col--sm-last vce-col--sm-first vce-col--md-last vce-col--lg-last vce-col--xl-last vce-col--md-first vce-col--lg-first vce-col--xl-first\">\r\n<div class=\"vce-col-inner\" data-vce-do-apply=\"border margin background  el-d779a89d\">\r\n<div class=\"vce-col-content\" data-vce-element-content=\"true\" data-vce-do-apply=\"padding el-d779a89d\">\r\n<div class=\"vce-text-block\">\r\n<div id=\"el-a8ea52d3\" class=\"vce-text-block-wrapper vce\" data-vce-do-apply=\"all el-a8ea52d3\">\r\n<h2><\/h2>\r\n<h2 style=\"text-align: center;\">Restaurant au coeur de Lavaux<\/h2>\r\n<\/div>\r\n<\/div>\r\n\r\n\r\n<\/div>\r\n<\/div>\r\n<\/div>\r\n\r\n\r\n<\/div>\r\n<\/div>\r\n<\/div>\r\n\r\n<div class=\"vce-row-container\" data-vce-boxed-width=\"true\">\r\n<div id=\"el-48a5f573\" class=\"vce-row vce-row--col-gap-30 vce-row-content--top\" data-vce-do-apply=\"all el-48a5f573\">\r\n<div class=\"vce-row-content\" data-vce-element-content=\"true\">\r\n<div id=\"el-28492841\" class=\"vce-col vce-col--md-50p vce-col--xs-1 vce-col--xs-last vce-col--xs-first vce-col--sm-last vce-col--sm-first vce-col--md-first vce-col--lg-first vce-col--xl-first\">\r\n<div class=\"vce-col-inner\" data-vce-do-apply=\"border margin background  el-28492841\">\r\n<div class=\"vce-col-content\" data-vce-element-content=\"true\" data-vce-do-apply=\"padding el-28492841\">\r\n<div class=\"vce-text-block\">\r\n<div id=\"el-db89300b\" class=\"vce-text-block-wrapper vce\" data-vce-do-apply=\"all el-db89300b\">\r\n<h3>Un chef et une histoire d'amiti\u00e9...<\/h3>\r\n<div class=\"\">Sur le sublime terroir de Lavaux, l\u2019Auberge de Rivaz vous offre une exp\u00e9rience unique \u00e0 la fois dans son restaurant, sa Pinte des 3 Soleils ou sur sa terrasse \u00e0 vue panoramique sur le L\u00e9man et les Alpes.<\/div>\r\n<div><\/div>\r\n<div class=\"\">En cuisine, c'est l'histoire d'une rencontre et d'une amiti\u00e9 qui nous lie d\u00e9sormais, sous forme d'un pop-up, avec un talentueux chef valaisan...<\/div>\r\n<div><\/div>\r\n<div class=\"\">Amoureux du L\u00e9man, habitant de la Riviera, ayant c\u00e9l\u00e9br\u00e9 son repas de mariage \u00e0 l'Auberge, client de notre \u00e9tablissement depuis de nombreuses ann\u00e9es (nos chiennes respectives \u00e9tant de surcro\u00eet amies), c'est tout naturellement que nous avons pens\u00e9 \u00e0 DAMIEN GERMANIER et sa brigade pour \u00eatre aux commandes des cuisines de notre Auberge.<\/div>\r\n<div class=\"\">Il se trouve que Damien n'est pas un novice derri\u00e8re un piano (17 points au GaultMillau et 1 \u00e9toile Michelin dans son restaurant s\u00e9dunois) mais il a r\u00e9cemment souhait\u00e9 une nouvelle orientation \u00e0 sa cuisine\u00a0 : la rendre plus abordable, plus simple, revenir \u00e0 l'essentiel de la cuisine de brasserie. Il r\u00eavait aussi d'un autre lieu o\u00f9 s'\u00e9panouir au bord du L\u00e9man.<\/div>\r\n<div class=\"\">De notre c\u00f4t\u00e9, nous souhaitions retrouver une cuisine authentique de brasserie, tout en privil\u00e9giant nos producteurs et m\u00e9tiers de bouche locaux. Nos chemins se sont donc crois\u00e9s afin de r\u00e9aliser nos r\u00eaves respectifs...nous esp\u00e9rons que vous aurez plaisir \u00e0 partager ces r\u00eaves avec nous !<\/div>\r\n<div><\/div>\r\n<div>Soyez assur\u00e9s que nous mettons tout en oeuvre afin que les quelques instants que vous passerez entre nos murs vous apportent plaisirs gustatifs et r\u00e9confort !<\/div>\r\n<div><\/div>\r\n<div><em>Jacques &amp; St\u00e9phanie STAEMPFLI PAPAZIAN<\/em><\/div>\r\n<div><em>Aubergistes-Pintiers<\/em><\/div>\r\n<div class=\"\"><\/div>\r\n<div class=\"\"><\/div>\r\n<div><\/div>\r\n<\/div>\r\n<\/div>\r\n\r\n\r\n<\/div>\r\n<\/div>\r\n<\/div>\r\n\r\n<div id=\"el-5a41575a\" class=\"vce-col vce-col--md-50p vce-col--xs-1 vce-col--xs-last vce-col--xs-first vce-col--sm-last vce-col--sm-first vce-col--md-last vce-col--lg-last vce-col--xl-last\">\r\n<div class=\"vce-col-inner\" data-vce-do-apply=\"border margin background  el-5a41575a\">\r\n<div class=\"vce-col-content\" data-vce-element-content=\"true\" data-vce-do-apply=\"padding el-5a41575a\">\r\n<div class=\"vce-single-image-container vce-single-image--align-left\">\r\n<div id=\"el-9f4b9019\" class=\"vce vce-single-image-wrapper\" data-vce-do-apply=\"all el-9f4b9019\">\r\n<figure>\r\n<div class=\"vce-single-image-figure-inner\" style=\"width: 683px;\">\r\n<div class=\"vce-single-image-inner vce-single-image--absolute\" style=\"width: 100%; padding-bottom: 149.927%;\"><img loading=\"lazy\" decoding=\"async\" class=\"vce-single-image\" title=\"L1210095\" src=\"https:\/\/www.aubergederivaz.ch\/wp-content\/uploads\/2025\/03\/L1210095-683x1024.jpg\" srcset=\"https:\/\/www.aubergederivaz.ch\/wp-content\/uploads\/2025\/03\/L1210095-320x480.jpg 320w, https:\/\/www.aubergederivaz.ch\/wp-content\/uploads\/2025\/03\/L1210095-480x720.jpg 480w, https:\/\/www.aubergederivaz.ch\/wp-content\/uploads\/2025\/03\/L1210095-683x1024.jpg 683w\" alt=\"\" width=\"683\" height=\"1024\" data-img-src=\"https:\/\/www.aubergederivaz.ch\/wp-content\/uploads\/2025\/01\/L1210095.jpg\" data-attachment-id=\"689\" \/><\/div>\r\n<\/div>\r\n<figcaption>Rivaz, le 13 janvier 2025, Auberge de Rivaz, Jacques Staempfli et son \u00e9pouse St\u00e9phanie Staempfli-papazian et Damien Germanier qui prend les commandes de la cuisine au 22 janvier 2025 \u00a9 Sedrik Nemeth<\/figcaption><\/figure>\r\n<\/div>\r\n<\/div>\r\n\r\n\r\n<\/div>\r\n<\/div>\r\n<\/div>\r\n\r\n\r\n<\/div>\r\n<\/div>\r\n<\/div>\r\n\r\n<div class=\"vce-row-container\" data-vce-boxed-width=\"true\">\r\n<div id=\"el-035a8f4a\" class=\"vce-row vce-row--col-gap-30 vce-row-content--top\" data-vce-do-apply=\"all el-035a8f4a\">\r\n<div class=\"vce-content-background-container\"><\/div>\r\n<div class=\"vce-row-content\" data-vce-element-content=\"true\">\r\n<div id=\"el-6302b59b\" class=\"vce-col vce-col--md-auto vce-col--xs-1 vce-col--xs-last vce-col--xs-first vce-col--sm-last vce-col--sm-first vce-col--md-last vce-col--lg-last vce-col--xl-last vce-col--md-first vce-col--lg-first vce-col--xl-first\">\r\n<div class=\"vce-col-inner\" data-vce-do-apply=\"border margin background  el-6302b59b\">\r\n<div class=\"vce-col-content\" data-vce-element-content=\"true\" data-vce-do-apply=\"padding el-6302b59b\">\r\n<div class=\"vce-text-block\">\r\n<div id=\"el-f7e4577d\" class=\"vce-text-block-wrapper vce\" data-vce-do-apply=\"all el-f7e4577d\">\r\n<p style=\"text-align: center;\"><em>CLIQUER sur \"CARTE DES METS\"<\/em><\/p>\r\n<p style=\"text-align: center;\"><em>\u00a0afin de visualiser notre carte du moment au format .pdf<\/em><\/p>\r\n\r\n<\/div>\r\n<\/div>\r\n\r\n<div class=\"vce-text-block\">\r\n<div id=\"el-ad98c12d\" class=\"vce-text-block-wrapper vce\" data-vce-do-apply=\"all el-ad98c12d\">\r\n<p style=\"text-align: center;\"><span style=\"font-size: 24pt; color: #c21515;\"><strong><a style=\"color: #c21515;\" href=\"https:\/\/www.aubergederivaz.ch\/wp-content\/uploads\/2025\/03\/Carte-DG_No2_MarAvr-2025_MEDIAS.pdf\">Carte des Mets<\/a><\/strong><\/span><\/p>\r\n<p style=\"text-align: center;\"><em>Carte de saison, changeant r\u00e9guli\u00e8rement, ainsi que de nombreuses suggestions au gr\u00e9 du march\u00e9 et des envies du chef !<\/em><\/p>\r\n<p style=\"text-align: center; line-height: 0.75;\"><\/p>\r\n\r\n<\/div>\r\n<\/div>\r\n\r\n\r\n<\/div>\r\n<\/div>\r\n<\/div>\r\n\r\n\r\n<\/div>\r\n<\/div>\r\n<\/div>\r\n\r\n<div class=\"vce-row-container\" data-vce-boxed-width=\"true\">\r\n<div id=\"el-a3ff0f80\" class=\"vce-row vce-row--col-gap-30 vce-row-content--top\" data-vce-do-apply=\"all el-a3ff0f80\">\r\n<div class=\"vce-row-content\" data-vce-element-content=\"true\">\r\n<div id=\"el-e1968720\" class=\"vce-col vce-col--md-auto vce-col--xs-1 vce-col--xs-last vce-col--xs-first vce-col--sm-last vce-col--sm-first vce-col--md-last vce-col--lg-last vce-col--xl-last vce-col--md-first vce-col--lg-first vce-col--xl-first\">\r\n<div class=\"vce-col-inner\" data-vce-do-apply=\"border margin background  el-e1968720\">\r\n<div class=\"vce-col-content\" data-vce-element-content=\"true\" data-vce-do-apply=\"padding el-e1968720\">\r\n<div class=\"vce-image-masonry-gallery\">\r\n<div id=\"el-3a96f72c\" class=\"vce-image-masonry-gallery-wrapper vce vce-image-masonry-gallery--gap-10 vce-image-masonry-gallery--columns-3\" data-vce-do-apply=\"all el-3a96f72c\">\r\n<div class=\"vce-image-masonry-gallery-list\">\r\n<div class=\"vce-image-masonry-gallery-column\"><a class=\"vce-image-masonry-gallery-item\" href=\"https:\/\/www.aubergederivaz.ch\/wp-content\/uploads\/2018\/10\/Capture-d\u2019e\u0301cran-2018-10-18-a\u0300-05.49.18.png\" data-lightbox=\"lightbox-3a96f72c\"><img decoding=\"async\" class=\"vce-image-masonry-gallery-img\" src=\"https:\/\/www.aubergederivaz.ch\/wp-content\/uploads\/2018\/10\/Capture-d\u2019e\u0301cran-2018-10-18-a\u0300-05.49.18.png\" alt=\"\" \/><\/a><a class=\"vce-image-masonry-gallery-item\" href=\"https:\/\/www.aubergederivaz.ch\/wp-content\/uploads\/2018\/09\/MG_0065.jpg\" data-lightbox=\"lightbox-3a96f72c\"><img decoding=\"async\" class=\"vce-image-masonry-gallery-img\" src=\"https:\/\/www.aubergederivaz.ch\/wp-content\/uploads\/2018\/09\/MG_0065.jpg\" alt=\"\" \/><\/a><a class=\"vce-image-masonry-gallery-item\" href=\"https:\/\/www.aubergederivaz.ch\/wp-content\/uploads\/2018\/09\/MG_0974-e1536931006986.jpg\" data-lightbox=\"lightbox-3a96f72c\"><img decoding=\"async\" class=\"vce-image-masonry-gallery-img\" src=\"https:\/\/www.aubergederivaz.ch\/wp-content\/uploads\/2018\/09\/MG_0974-e1536931006986.jpg\" alt=\"\" \/><\/a><a class=\"vce-image-masonry-gallery-item\" href=\"https:\/\/www.aubergederivaz.ch\/wp-content\/uploads\/2018\/09\/MG_0619-e1536930641158.jpg\" data-lightbox=\"lightbox-3a96f72c\"><img decoding=\"async\" class=\"vce-image-masonry-gallery-img\" src=\"https:\/\/www.aubergederivaz.ch\/wp-content\/uploads\/2018\/09\/MG_0619-e1536930641158.jpg\" alt=\"\" \/><\/a><a class=\"vce-image-masonry-gallery-item\" href=\"https:\/\/www.aubergederivaz.ch\/wp-content\/uploads\/2018\/09\/MG_0765-e1536930766958.jpg\" data-lightbox=\"lightbox-3a96f72c\"><img decoding=\"async\" class=\"vce-image-masonry-gallery-img\" src=\"https:\/\/www.aubergederivaz.ch\/wp-content\/uploads\/2018\/09\/MG_0765-e1536930766958.jpg\" alt=\"\" \/><\/a><a class=\"vce-image-masonry-gallery-item\" href=\"https:\/\/www.aubergederivaz.ch\/wp-content\/uploads\/2025\/02\/NEMS9697-1.jpg\" data-lightbox=\"lightbox-3a96f72c\"><img decoding=\"async\" class=\"vce-image-masonry-gallery-img\" src=\"https:\/\/www.aubergederivaz.ch\/wp-content\/uploads\/2025\/02\/NEMS9697-1.jpg\" alt=\"\" \/><\/a><a class=\"vce-image-masonry-gallery-item\" href=\"https:\/\/www.aubergederivaz.ch\/wp-content\/uploads\/2025\/02\/NEMS9725-1.jpg\" data-lightbox=\"lightbox-3a96f72c\"><img decoding=\"async\" class=\"vce-image-masonry-gallery-img\" src=\"https:\/\/www.aubergederivaz.ch\/wp-content\/uploads\/2025\/02\/NEMS9725-1.jpg\" alt=\"\" \/><\/a><a class=\"vce-image-masonry-gallery-item\" href=\"https:\/\/www.aubergederivaz.ch\/wp-content\/uploads\/2025\/02\/Session-Sans-Titre5364-1.jpg\" data-lightbox=\"lightbox-3a96f72c\"><img decoding=\"async\" class=\"vce-image-masonry-gallery-img\" src=\"https:\/\/www.aubergederivaz.ch\/wp-content\/uploads\/2025\/02\/Session-Sans-Titre5364-1.jpg\" alt=\"\" \/><\/a><a class=\"vce-image-masonry-gallery-item\" href=\"https:\/\/www.aubergederivaz.ch\/wp-content\/uploads\/2025\/02\/Session-Sans-Titre5429-1.jpg\" data-lightbox=\"lightbox-3a96f72c\"><img decoding=\"async\" class=\"vce-image-masonry-gallery-img\" src=\"https:\/\/www.aubergederivaz.ch\/wp-content\/uploads\/2025\/02\/Session-Sans-Titre5429-1.jpg\" alt=\"\" \/><\/a><a class=\"vce-image-masonry-gallery-item\" href=\"https:\/\/www.aubergederivaz.ch\/wp-content\/uploads\/2025\/02\/Session-Sans-Titre5463-1.jpg\" data-lightbox=\"lightbox-3a96f72c\"><img decoding=\"async\" class=\"vce-image-masonry-gallery-img\" src=\"https:\/\/www.aubergederivaz.ch\/wp-content\/uploads\/2025\/02\/Session-Sans-Titre5463-1.jpg\" alt=\"\" \/><\/a><\/div>\r\n<div class=\"vce-image-masonry-gallery-column\"><a class=\"vce-image-masonry-gallery-item\" href=\"https:\/\/www.aubergederivaz.ch\/wp-content\/uploads\/2018\/09\/MG_0720.jpg\" data-lightbox=\"lightbox-3a96f72c\"><img decoding=\"async\" class=\"vce-image-masonry-gallery-img\" src=\"https:\/\/www.aubergederivaz.ch\/wp-content\/uploads\/2018\/09\/MG_0720.jpg\" alt=\"\" \/><\/a><a class=\"vce-image-masonry-gallery-item\" href=\"https:\/\/www.aubergederivaz.ch\/wp-content\/uploads\/2018\/09\/MG_0712-e1536930724780.jpg\" data-lightbox=\"lightbox-3a96f72c\"><img decoding=\"async\" class=\"vce-image-masonry-gallery-img\" src=\"https:\/\/www.aubergederivaz.ch\/wp-content\/uploads\/2018\/09\/MG_0712-e1536930724780.jpg\" alt=\"\" \/><\/a><a class=\"vce-image-masonry-gallery-item\" href=\"https:\/\/www.aubergederivaz.ch\/wp-content\/uploads\/2018\/09\/MG_0707-e1536930692808.jpg\" data-lightbox=\"lightbox-3a96f72c\"><img decoding=\"async\" class=\"vce-image-masonry-gallery-img\" src=\"https:\/\/www.aubergederivaz.ch\/wp-content\/uploads\/2018\/09\/MG_0707-e1536930692808.jpg\" alt=\"\" \/><\/a><a class=\"vce-image-masonry-gallery-item\" href=\"https:\/\/www.aubergederivaz.ch\/wp-content\/uploads\/2018\/09\/MG_0606-e1536931104315.jpg\" data-lightbox=\"lightbox-3a96f72c\"><img decoding=\"async\" class=\"vce-image-masonry-gallery-img\" src=\"https:\/\/www.aubergederivaz.ch\/wp-content\/uploads\/2018\/09\/MG_0606-e1536931104315.jpg\" alt=\"\" \/><\/a><a class=\"vce-image-masonry-gallery-item\" href=\"https:\/\/www.aubergederivaz.ch\/wp-content\/uploads\/2018\/09\/MG_0116-e1536930871408.jpg\" data-lightbox=\"lightbox-3a96f72c\"><img decoding=\"async\" class=\"vce-image-masonry-gallery-img\" src=\"https:\/\/www.aubergederivaz.ch\/wp-content\/uploads\/2018\/09\/MG_0116-e1536930871408.jpg\" alt=\"\" \/><\/a><a class=\"vce-image-masonry-gallery-item\" href=\"https:\/\/www.aubergederivaz.ch\/wp-content\/uploads\/2025\/02\/L1210049.jpg\" data-lightbox=\"lightbox-3a96f72c\"><img decoding=\"async\" class=\"vce-image-masonry-gallery-img\" src=\"https:\/\/www.aubergederivaz.ch\/wp-content\/uploads\/2025\/02\/L1210049.jpg\" alt=\"\" \/><\/a><a class=\"vce-image-masonry-gallery-item\" href=\"https:\/\/www.aubergederivaz.ch\/wp-content\/uploads\/2025\/02\/Session-Sans-Titre5306-1.jpg\" data-lightbox=\"lightbox-3a96f72c\"><img decoding=\"async\" class=\"vce-image-masonry-gallery-img\" src=\"https:\/\/www.aubergederivaz.ch\/wp-content\/uploads\/2025\/02\/Session-Sans-Titre5306-1.jpg\" alt=\"\" \/><\/a><a class=\"vce-image-masonry-gallery-item\" href=\"https:\/\/www.aubergederivaz.ch\/wp-content\/uploads\/2025\/02\/Session-Sans-Titre5373-1.jpg\" data-lightbox=\"lightbox-3a96f72c\"><img decoding=\"async\" class=\"vce-image-masonry-gallery-img\" src=\"https:\/\/www.aubergederivaz.ch\/wp-content\/uploads\/2025\/02\/Session-Sans-Titre5373-1.jpg\" alt=\"\" \/><\/a><a class=\"vce-image-masonry-gallery-item\" href=\"https:\/\/www.aubergederivaz.ch\/wp-content\/uploads\/2025\/02\/Session-Sans-Titre5395-1.jpg\" data-lightbox=\"lightbox-3a96f72c\"><img decoding=\"async\" class=\"vce-image-masonry-gallery-img\" src=\"https:\/\/www.aubergederivaz.ch\/wp-content\/uploads\/2025\/02\/Session-Sans-Titre5395-1.jpg\" alt=\"\" \/><\/a><\/div>\r\n<div class=\"vce-image-masonry-gallery-column\"><a class=\"vce-image-masonry-gallery-item\" href=\"https:\/\/www.aubergederivaz.ch\/wp-content\/uploads\/2018\/09\/MG_0804.jpg\" data-lightbox=\"lightbox-3a96f72c\"><img decoding=\"async\" class=\"vce-image-masonry-gallery-img\" src=\"https:\/\/www.aubergederivaz.ch\/wp-content\/uploads\/2018\/09\/MG_0804.jpg\" alt=\"\" \/><\/a><a class=\"vce-image-masonry-gallery-item\" href=\"https:\/\/www.aubergederivaz.ch\/wp-content\/uploads\/2018\/09\/MG_0501.jpg\" data-lightbox=\"lightbox-3a96f72c\"><img decoding=\"async\" class=\"vce-image-masonry-gallery-img\" src=\"https:\/\/www.aubergederivaz.ch\/wp-content\/uploads\/2018\/09\/MG_0501.jpg\" alt=\"\" \/><\/a><a class=\"vce-image-masonry-gallery-item\" href=\"https:\/\/www.aubergederivaz.ch\/wp-content\/uploads\/2018\/09\/MG_0670.jpg\" data-lightbox=\"lightbox-3a96f72c\"><img decoding=\"async\" class=\"vce-image-masonry-gallery-img\" src=\"https:\/\/www.aubergederivaz.ch\/wp-content\/uploads\/2018\/09\/MG_0670.jpg\" alt=\"\" \/><\/a><a class=\"vce-image-masonry-gallery-item\" href=\"https:\/\/www.aubergederivaz.ch\/wp-content\/uploads\/2018\/09\/MG_0173-e1536930923844.jpg\" data-lightbox=\"lightbox-3a96f72c\"><img decoding=\"async\" class=\"vce-image-masonry-gallery-img\" src=\"https:\/\/www.aubergederivaz.ch\/wp-content\/uploads\/2018\/09\/MG_0173-e1536930923844.jpg\" alt=\"\" \/><\/a><a class=\"vce-image-masonry-gallery-item\" href=\"https:\/\/www.aubergederivaz.ch\/wp-content\/uploads\/2018\/09\/MG_0819-e1536930801664.jpg\" data-lightbox=\"lightbox-3a96f72c\"><img decoding=\"async\" class=\"vce-image-masonry-gallery-img\" src=\"https:\/\/www.aubergederivaz.ch\/wp-content\/uploads\/2018\/09\/MG_0819-e1536930801664.jpg\" alt=\"\" \/><\/a><a class=\"vce-image-masonry-gallery-item\" href=\"https:\/\/www.aubergederivaz.ch\/wp-content\/uploads\/2025\/02\/NEMS9709-1.jpg\" data-lightbox=\"lightbox-3a96f72c\"><img decoding=\"async\" class=\"vce-image-masonry-gallery-img\" src=\"https:\/\/www.aubergederivaz.ch\/wp-content\/uploads\/2025\/02\/NEMS9709-1.jpg\" alt=\"\" \/><\/a><a class=\"vce-image-masonry-gallery-item\" href=\"https:\/\/www.aubergederivaz.ch\/wp-content\/uploads\/2025\/02\/NEMS9739A-1.jpg\" data-lightbox=\"lightbox-3a96f72c\"><img decoding=\"async\" class=\"vce-image-masonry-gallery-img\" src=\"https:\/\/www.aubergederivaz.ch\/wp-content\/uploads\/2025\/02\/NEMS9739A-1.jpg\" alt=\"\" \/><\/a><a class=\"vce-image-masonry-gallery-item\" href=\"https:\/\/www.aubergederivaz.ch\/wp-content\/uploads\/2025\/02\/Session-Sans-Titre5330-1.jpg\" data-lightbox=\"lightbox-3a96f72c\"><img decoding=\"async\" class=\"vce-image-masonry-gallery-img\" src=\"https:\/\/www.aubergederivaz.ch\/wp-content\/uploads\/2025\/02\/Session-Sans-Titre5330-1.jpg\" alt=\"\" \/><\/a><a class=\"vce-image-masonry-gallery-item\" href=\"https:\/\/www.aubergederivaz.ch\/wp-content\/uploads\/2025\/02\/Session-Sans-Titre5414-1.jpg\" data-lightbox=\"lightbox-3a96f72c\"><img decoding=\"async\" class=\"vce-image-masonry-gallery-img\" src=\"https:\/\/www.aubergederivaz.ch\/wp-content\/uploads\/2025\/02\/Session-Sans-Titre5414-1.jpg\" alt=\"\" \/><\/a><a class=\"vce-image-masonry-gallery-item\" href=\"https:\/\/www.aubergederivaz.ch\/wp-content\/uploads\/2025\/02\/Session-Sans-Titre5454-1.jpg\" data-lightbox=\"lightbox-3a96f72c\"><img decoding=\"async\" class=\"vce-image-masonry-gallery-img\" src=\"https:\/\/www.aubergederivaz.ch\/wp-content\/uploads\/2025\/02\/Session-Sans-Titre5454-1.jpg\" alt=\"\" \/><\/a><\/div>\r\n<\/div>\r\n<\/div>\r\n<\/div>\r\n\r\n\r\n<\/div>\r\n<\/div>\r\n<\/div>\r\n\r\n\r\n<\/div>\r\n<\/div>\r\n<\/div>\r\n\n","protected":false},"excerpt":{"rendered":"<p>Restaurant au coeur de Lavaux Un chef et une histoire d&#8217;amiti\u00e9&#8230; Sur le sublime terroir de Lavaux, l\u2019Auberge de Rivaz vous offre une exp\u00e9rience unique \u00e0 la fois dans son restaurant, sa Pinte des 3 Soleils ou sur sa terrasse \u00e0 vue panoramique sur le L\u00e9man et les Alpes. En cuisine, c&#8217;est l&#8217;histoire d&#8217;une rencontre [&hellip;]<\/p>\n","protected":false},"author":1,"featured_media":807,"parent":0,"menu_order":0,"comment_status":"closed","ping_status":"closed","template":"","meta":{"_acf_changed":false,"footnotes":""},"class_list":["post-1077","page","type-page","status-publish","has-post-thumbnail","hentry"],"acf":[],"_links":{"self":[{"href":"https:\/\/www.aubergederivaz.ch\/en\/wp-json\/wp\/v2\/pages\/1077","targetHints":{"allow":["GET"]}}],"collection":[{"href":"https:\/\/www.aubergederivaz.ch\/en\/wp-json\/wp\/v2\/pages"}],"about":[{"href":"https:\/\/www.aubergederivaz.ch\/en\/wp-json\/wp\/v2\/types\/page"}],"author":[{"embeddable":true,"href":"https:\/\/www.aubergederivaz.ch\/en\/wp-json\/wp\/v2\/users\/1"}],"replies":[{"embeddable":true,"href":"https:\/\/www.aubergederivaz.ch\/en\/wp-json\/wp\/v2\/comments?post=1077"}],"version-history":[{"count":1,"href":"https:\/\/www.aubergederivaz.ch\/en\/wp-json\/wp\/v2\/pages\/1077\/revisions"}],"predecessor-version":[{"id":1086,"href":"https:\/\/www.aubergederivaz.ch\/en\/wp-json\/wp\/v2\/pages\/1077\/revisions\/1086"}],"wp:featuredmedia":[{"embeddable":true,"href":"https:\/\/www.aubergederivaz.ch\/en\/wp-json\/wp\/v2\/media\/807"}],"wp:attachment":[{"href":"https:\/\/www.aubergederivaz.ch\/en\/wp-json\/wp\/v2\/media?parent=1077"}],"curies":[{"name":"wp","href":"https:\/\/api.w.org\/{rel}","templated":true}]}}