{"id":1074,"date":"2018-03-06T17:36:30","date_gmt":"2018-03-06T17:36:30","guid":{"rendered":"https:\/\/www.aubergederivaz.ch\/?page_id=1074"},"modified":"2025-03-13T15:10:14","modified_gmt":"2025-03-13T15:10:14","slug":"region","status":"publish","type":"page","link":"https:\/\/www.aubergederivaz.ch\/en\/region\/","title":{"rendered":"R\u00e9gion"},"content":{"rendered":"<div class=\"vce-row-container\" data-vce-boxed-width=\"true\"><div class=\"vce-row vce-row--col-gap-30 vce-row-content--top\" id=\"el-66a206be\" data-vce-do-apply=\"all el-66a206be\"><div class=\"vce-row-content\" data-vce-element-content=\"true\"><div class=\"vce-col vce-col--md-auto vce-col--xs-1 vce-col--xs-last vce-col--xs-first vce-col--sm-last vce-col--sm-first vce-col--md-last vce-col--lg-last vce-col--xl-last vce-col--md-first vce-col--lg-first vce-col--xl-first\" id=\"el-e223bfb6\"><div class=\"vce-col-inner\" data-vce-do-apply=\"border margin background  el-e223bfb6\"><div class=\"vce-col-content\" data-vce-element-content=\"true\" data-vce-do-apply=\"padding el-e223bfb6\"><div class=\"vce-text-block\"><div class=\"vce-text-block-wrapper vce\" id=\"el-7ae46620\" data-vce-do-apply=\"all el-7ae46620\"><h2 style=\"text-align: center;\">A propos de notre beau Lavaux<\/h2><h2 style=\"text-align: center;\">et de ses tr\u00e9sors...<\/h2><\/div><\/div><\/div><\/div><\/div><\/div><\/div><\/div><div class=\"vce-row-container\" data-vce-boxed-width=\"true\"><div class=\"vce-row vce-row--col-gap-30 vce-row-content--top\" id=\"el-370fd571\" data-vce-do-apply=\"all el-370fd571\"><div class=\"vce-row-content\" data-vce-element-content=\"true\"><div class=\"vce-col vce-col--md-50p vce-col--xs-1 vce-col--xs-last vce-col--xs-first vce-col--sm-last vce-col--sm-first vce-col--md-first vce-col--lg-first vce-col--xl-first\" id=\"el-73de7f56\"><div class=\"vce-col-inner\" data-vce-do-apply=\"border margin background  el-73de7f56\"><div class=\"vce-col-content\" data-vce-element-content=\"true\" data-vce-do-apply=\"padding el-73de7f56\"><div class=\"vce-text-block\"><div class=\"vce-text-block-wrapper vce\" id=\"el-85bc4e53\" data-vce-do-apply=\"all el-85bc4e53\"><p>Afin de faciliter votre d\u00e9couverte de notre si belle r\u00e9gion, nous avons r\u00e9alis\u00e9 pour vous un petit guide qui vous permettra d'acc\u00e9der directement aux principaux sites internet qui vous aideront \u00e0 organiser votre s\u00e9jour.<\/p><p>Il vous suffira de cliquer sur chaque lien pour acc\u00e9der directement au site internet d\u00e9di\u00e9 que ce soit \u00e0 propos :<\/p><ul><li>du vignoble<\/li><li>des vignerons<\/li><li>des caveaux &amp; oenoth\u00e8ques<\/li><li>des transports<\/li><li>des mus\u00e9es<\/li><li>des festivals<\/li><\/ul><p>Pour acc\u00e9der au LAVAUX GUIDE de l'Auberge de Rivaz, merci de cliquer ci-dessous :<\/p><p style=\"text-align: center;\"><em><span style=\"font-size: 24pt;\"><a href=\"https:\/\/www.aubergederivaz.ch\/wp-content\/uploads\/2022\/03\/220303_Brochure-Touristique_FRbis-1.pdf\">LAVAUX GUIDE<\/a><\/span><\/em><\/p><\/div><\/div><\/div><\/div><\/div><div class=\"vce-col vce-col--md-50p vce-col--xs-1 vce-col--xs-last vce-col--xs-first vce-col--sm-last vce-col--sm-first vce-col--md-last vce-col--lg-last vce-col--xl-last\" id=\"el-3f955442\"><div class=\"vce-col-inner\" data-vce-do-apply=\"border margin background  el-3f955442\"><div class=\"vce-col-content\" data-vce-element-content=\"true\" data-vce-do-apply=\"padding el-3f955442\"><div class=\"vce-image-masonry-gallery\"><div class=\"vce-image-masonry-gallery-wrapper vce vce-image-masonry-gallery--gap-10 vce-image-masonry-gallery--columns-1\" id=\"el-3ff451dc\" data-vce-do-apply=\"all el-3ff451dc\"><div class=\"vce-image-masonry-gallery-list\"><div class=\"vce-image-masonry-gallery-column\"><\/div><\/div><\/div><\/div><div class=\"vce-single-image-container vce-single-image--align-left\"><div class=\"vce vce-single-image-wrapper\" id=\"el-24b24c12\" data-vce-do-apply=\"all el-24b24c12\"><figure><div class=\"vce-single-image-figure-inner\" style=\"width: 664px;\"><a href=\"https:\/\/www.aubergederivaz.ch\/wp-content\/uploads\/2022\/03\/220303_Brochure-Touristique_FRbis-1.pdf\" title=\"\" target=\"_blank\" class=\"vce-single-image-inner vce-single-image--absolute\" style=\"width: 100%; padding-bottom: 154.217%;\"><img loading=\"lazy\" decoding=\"async\" class=\"vce-single-image\"  width=\"664\" height=\"1024\" srcset=\"https:\/\/www.aubergederivaz.ch\/wp-content\/uploads\/2025\/03\/Cover-Brochure-touristique-1-320x493.jpg 320w\" src=\"https:\/\/www.aubergederivaz.ch\/wp-content\/uploads\/2022\/03\/Cover-Brochure-touristique-1.jpg\" data-img-src=\"https:\/\/www.aubergederivaz.ch\/wp-content\/uploads\/2022\/03\/Cover-Brochure-touristique-1.jpg\" data-attachment-id=\"520\"  alt=\"\" title=\"Cover Brochure touristique 1\" \/><\/a><\/div><figcaption hidden=\"\"><\/figcaption><\/figure><\/div><\/div><\/div><\/div><\/div><\/div><\/div><\/div>\n","protected":false},"excerpt":{"rendered":"<p>A propos de notre beau Lavauxet de ses tr\u00e9sors&#8230;Afin de faciliter votre d\u00e9couverte de notre si belle r\u00e9gion, nous avons r\u00e9alis\u00e9 pour vous un petit guide qui vous permettra d&#8217;acc\u00e9der directement aux principaux sites internet qui vous aideront \u00e0 organiser votre s\u00e9jour.Il vous suffira de cliquer sur chaque lien pour acc\u00e9der directement au site internet [&hellip;]<\/p>\n","protected":false},"author":1,"featured_media":810,"parent":0,"menu_order":0,"comment_status":"closed","ping_status":"closed","template":"","meta":{"_acf_changed":false,"footnotes":""},"class_list":["post-1074","page","type-page","status-publish","has-post-thumbnail","hentry"],"acf":[],"_links":{"self":[{"href":"https:\/\/www.aubergederivaz.ch\/en\/wp-json\/wp\/v2\/pages\/1074","targetHints":{"allow":["GET"]}}],"collection":[{"href":"https:\/\/www.aubergederivaz.ch\/en\/wp-json\/wp\/v2\/pages"}],"about":[{"href":"https:\/\/www.aubergederivaz.ch\/en\/wp-json\/wp\/v2\/types\/page"}],"author":[{"embeddable":true,"href":"https:\/\/www.aubergederivaz.ch\/en\/wp-json\/wp\/v2\/users\/1"}],"replies":[{"embeddable":true,"href":"https:\/\/www.aubergederivaz.ch\/en\/wp-json\/wp\/v2\/comments?post=1074"}],"version-history":[{"count":2,"href":"https:\/\/www.aubergederivaz.ch\/en\/wp-json\/wp\/v2\/pages\/1074\/revisions"}],"predecessor-version":[{"id":1102,"href":"https:\/\/www.aubergederivaz.ch\/en\/wp-json\/wp\/v2\/pages\/1074\/revisions\/1102"}],"wp:featuredmedia":[{"embeddable":true,"href":"https:\/\/www.aubergederivaz.ch\/en\/wp-json\/wp\/v2\/media\/810"}],"wp:attachment":[{"href":"https:\/\/www.aubergederivaz.ch\/en\/wp-json\/wp\/v2\/media?parent=1074"}],"curies":[{"name":"wp","href":"https:\/\/api.w.org\/{rel}","templated":true}]}}