{"id":1070,"date":"2018-03-06T17:36:40","date_gmt":"2018-03-06T17:36:40","guid":{"rendered":"https:\/\/www.aubergederivaz.ch\/?page_id=1070"},"modified":"2025-03-13T15:13:19","modified_gmt":"2025-03-13T15:13:19","slug":"contact","status":"publish","type":"page","link":"https:\/\/www.aubergederivaz.ch\/en\/contact\/","title":{"rendered":"Contact"},"content":{"rendered":"<div class=\"vce-row-container\" data-vce-boxed-width=\"true\"><div class=\"vce-row vce-row--col-gap-30 vce-row-content--top\" id=\"el-62527109\" data-vce-do-apply=\"all el-62527109\"><div class=\"vce-row-content\" data-vce-element-content=\"true\"><div class=\"vce-col vce-col--md-100p vce-col--xs-1 vce-col--xs-last vce-col--xs-first vce-col--sm-last vce-col--sm-first vce-col--md-last vce-col--lg-last vce-col--xl-last vce-col--md-first vce-col--lg-first vce-col--xl-first\" id=\"el-be96f9e8\"><div class=\"vce-col-inner\" data-vce-do-apply=\"border margin background  el-be96f9e8\"><div class=\"vce-col-content\" data-vce-element-content=\"true\" data-vce-do-apply=\"padding el-be96f9e8\"><div class=\"vce-text-block\"><div class=\"vce-text-block-wrapper vce\" id=\"el-48a07cb5\" data-vce-do-apply=\"all el-48a07cb5\"><h2>Contact<\/h2><\/div><\/div><\/div><\/div><\/div><\/div><\/div><\/div><div class=\"vce-row-container\" data-vce-boxed-width=\"true\"><div class=\"vce-row vce-row--col-gap-30 vce-row-content--top\" id=\"el-98e5b3d5\" data-vce-do-apply=\"all el-98e5b3d5\"><div class=\"vce-row-content\" data-vce-element-content=\"true\"><div class=\"vce-col vce-col--md-50p vce-col--xs-1 vce-col--xs-last vce-col--xs-first vce-col--sm-last vce-col--sm-first vce-col--md-first vce-col--lg-first vce-col--xl-first\" id=\"el-620fc950\"><div class=\"vce-col-inner\" data-vce-do-apply=\"border margin background  el-620fc950\"><div class=\"vce-col-content\" data-vce-element-content=\"true\" data-vce-do-apply=\"padding el-620fc950\"><div class=\"vce-raw-html\"><div class=\"vce-raw-html-wrapper\" id=\"el-94cd3a76\" data-vce-do-apply=\"all el-94cd3a76\">Auberge de Rivaz<br>Route de Sallaz 6<br>1071 Rivaz<br> +41 (0) 21 946 10 55<br>\n<a style=\"color:#fff;\" href=\"mailto:info@aubergederivaz.ch\"><i class=\"fa fa-envelope\"><\/i> info@aubergederivaz.ch<\/a><br>\n<a style=\"color:#fff;\" href=\"mailto:hotel@aubergederivaz.ch\"><i class=\"fa fa-envelope\"><\/i> hotel@aubergederivaz.ch (r\u00e9servation H\u00f4tel)<\/a><br><br>\nR\u00e9servation restaurant uniquement par t\u00e9l\u00e9phone<br>\n<a style=\"color:#fff;\" href=\"tel:0041219461055\"><i class=\"fa fa-phone\"><\/i> +41 (0)21 946 10 55<\/a><br><br>\n<h3>HORAIRES D\u2019OUVERTURE HIVER 2024-2025<\/h3>\n\n<br>\ndu MERCREDI au SAMEDI : <br>\n11h45-15h00 (derni\u00e8re commande : 13h45)<br>\n18h45-23h00 (derni\u00e8re commande : 21h15)<br>\n<br>\nDIMANCHE :<br>\n11h45-15h30 (derni\u00e8re commande : 13h45)<br>\n<br>\nFermeture hebdomadaire (Hiver et jusqu'aux belles soir\u00e9es):<br>\nDimanche soir - Lundi - Mardi<br>\n<br><br>\n<h3>HORAIRES HOTEL<\/h3>\nH\u00f4tel ouvert 7\/7 jours \n(Service petit-d\u00e9jeuner assur\u00e9 pendant les jours de fermeture du restaurant)\n\n<br><br>\n<h3>Acc\u00e8s<\/h3>\nVoiture : Autoroute A9 sortie Chexbres (5min)<br>\nTrain : Gare CFF Rivaz (1min \u00e0 pieds)<br>\nBateau : D\u00e9barcad\u00e8re CGN Rivaz (1min \u00e0 pieds)<br>\n\n<\/div><\/div><\/div><\/div><\/div><div class=\"vce-col vce-col--md-50p vce-col--xs-1 vce-col--xs-last vce-col--xs-first vce-col--sm-last vce-col--sm-first vce-col--md-last vce-col--lg-last vce-col--xl-last\" id=\"el-4d3b3c68\"><div class=\"vce-col-inner\" data-vce-do-apply=\"border margin background  el-4d3b3c68\"><div class=\"vce-col-content\" data-vce-element-content=\"true\" data-vce-do-apply=\"padding el-4d3b3c68\"><div class=\"vce-google-maps vce-google-maps--align-left\"><div class=\"vce-google-maps-wrapper vce vce-google-maps--width-custom vce-google-maps--height-custom\" id=\"el-d2f11948\" data-vce-do-apply=\"all el-d2f11948\" style=\"width: 100%; height: 600px;\"><div class=\"vce-google-maps-inner\"><iframe loading=\"lazy\" src=\"https:\/\/www.google.com\/maps\/embed?pb=!1m14!1m8!1m3!1d10990.837907843625!2d6.7831672!3d46.4742623!3m2!1i1024!2i768!4f13.1!3m3!1m2!1s0x0%3A0xcad2c656bb149c54!2sAuberge+de+Rivaz!5e0!3m2!1sfr!2sch!4v1524601143488\" width=\"600\" height=\"450\" frameborder=\"0\" style=\"border: 0px; pointer-events: none;\" allowfullscreen=\"\"><\/iframe><\/div><\/div><\/div><div class=\"vce-text-block\"><div class=\"vce-text-block-wrapper vce\" id=\"el-90c8e407\" data-vce-do-apply=\"all el-90c8e407\"><p><a href=\"https:\/\/www.facebook.com\/share\/1BVEVqUKmE\/?mibextid=wwXIfr\"><img loading=\"lazy\" decoding=\"async\" class=\"alignnone wp-image-721 size-full\" src=\"https:\/\/www.aubergederivaz.ch\/wp-content\/uploads\/2025\/01\/facebook.png\" alt=\"\" width=\"100\" height=\"100\" srcset=\"https:\/\/www.aubergederivaz.ch\/wp-content\/uploads\/2025\/01\/facebook.png 253w, https:\/\/www.aubergederivaz.ch\/wp-content\/uploads\/2025\/01\/facebook-150x150.png 150w, https:\/\/www.aubergederivaz.ch\/wp-content\/uploads\/2025\/01\/facebook-24x24.png 24w, https:\/\/www.aubergederivaz.ch\/wp-content\/uploads\/2025\/01\/facebook-36x36.png 36w, https:\/\/www.aubergederivaz.ch\/wp-content\/uploads\/2025\/01\/facebook-48x48.png 48w\" sizes=\"auto, (max-width: 100px) 100vw, 100px\" \/><\/a><a href=\"https:\/\/www.instagram.com\/aubergederivaz\/\"><img loading=\"lazy\" decoding=\"async\" class=\"alignnone wp-image-720 size-full\" src=\"https:\/\/www.aubergederivaz.ch\/wp-content\/uploads\/2025\/01\/instagram.png\" alt=\"\" width=\"100\" height=\"100\" srcset=\"https:\/\/www.aubergederivaz.ch\/wp-content\/uploads\/2025\/01\/instagram.png 254w, https:\/\/www.aubergederivaz.ch\/wp-content\/uploads\/2025\/01\/instagram-150x150.png 150w, https:\/\/www.aubergederivaz.ch\/wp-content\/uploads\/2025\/01\/instagram-24x24.png 24w, https:\/\/www.aubergederivaz.ch\/wp-content\/uploads\/2025\/01\/instagram-36x36.png 36w, https:\/\/www.aubergederivaz.ch\/wp-content\/uploads\/2025\/01\/instagram-48x48.png 48w\" sizes=\"auto, (max-width: 100px) 100vw, 100px\" \/><\/a><\/p><\/div><\/div><\/div><\/div><\/div><\/div><\/div><\/div><div class=\"vce-row-container\" data-vce-boxed-width=\"true\"><div class=\"vce-row vce-row--col-gap-30 vce-row-content--top\" id=\"el-91cb25fd\" data-vce-do-apply=\"all el-91cb25fd\"><div class=\"vce-row-content\" data-vce-element-content=\"true\"><div class=\"vce-col vce-col--md-auto vce-col--xs-1 vce-col--xs-last vce-col--xs-first vce-col--sm-last vce-col--sm-first vce-col--md-last vce-col--lg-last vce-col--xl-last vce-col--md-first vce-col--lg-first vce-col--xl-first\" id=\"el-06177291\"><div class=\"vce-col-inner\" data-vce-do-apply=\"border margin background  el-06177291\"><div class=\"vce-col-content\" data-vce-element-content=\"true\" data-vce-do-apply=\"padding el-06177291\"><div class=\"vcv-row-control-wrapper\"><\/div><\/div><\/div><\/div><\/div><\/div><\/div>","protected":false},"excerpt":{"rendered":"<p>ContactAuberge de RivazRoute de Sallaz 61071 Rivaz +41 (0) 21 946 10 55 info@aubergederivaz.ch hotel@aubergederivaz.ch (r\u00e9servation H\u00f4tel) R\u00e9servation restaurant uniquement par t\u00e9l\u00e9phone +41 (0)21 946 10 55 HORAIRES D\u2019OUVERTURE HIVER 2024-2025 du MERCREDI au SAMEDI : 11h45-15h00 (derni\u00e8re commande : 13h45) 18h45-23h00 (derni\u00e8re commande : 21h15) DIMANCHE : 11h45-15h30 (derni\u00e8re commande : 13h45) Fermeture hebdomadaire [&hellip;]<\/p>\n","protected":false},"author":1,"featured_media":805,"parent":0,"menu_order":0,"comment_status":"closed","ping_status":"closed","template":"","meta":{"_acf_changed":false,"footnotes":""},"class_list":["post-1070","page","type-page","status-publish","has-post-thumbnail","hentry"],"acf":[],"_links":{"self":[{"href":"https:\/\/www.aubergederivaz.ch\/en\/wp-json\/wp\/v2\/pages\/1070","targetHints":{"allow":["GET"]}}],"collection":[{"href":"https:\/\/www.aubergederivaz.ch\/en\/wp-json\/wp\/v2\/pages"}],"about":[{"href":"https:\/\/www.aubergederivaz.ch\/en\/wp-json\/wp\/v2\/types\/page"}],"author":[{"embeddable":true,"href":"https:\/\/www.aubergederivaz.ch\/en\/wp-json\/wp\/v2\/users\/1"}],"replies":[{"embeddable":true,"href":"https:\/\/www.aubergederivaz.ch\/en\/wp-json\/wp\/v2\/comments?post=1070"}],"version-history":[{"count":6,"href":"https:\/\/www.aubergederivaz.ch\/en\/wp-json\/wp\/v2\/pages\/1070\/revisions"}],"predecessor-version":[{"id":1105,"href":"https:\/\/www.aubergederivaz.ch\/en\/wp-json\/wp\/v2\/pages\/1070\/revisions\/1105"}],"wp:featuredmedia":[{"embeddable":true,"href":"https:\/\/www.aubergederivaz.ch\/en\/wp-json\/wp\/v2\/media\/805"}],"wp:attachment":[{"href":"https:\/\/www.aubergederivaz.ch\/en\/wp-json\/wp\/v2\/media?parent=1070"}],"curies":[{"name":"wp","href":"https:\/\/api.w.org\/{rel}","templated":true}]}}